{"id":598,"date":"2024-12-11T12:00:37","date_gmt":"2024-12-11T12:00:37","guid":{"rendered":"https:\/\/acharaka.com.tr\/?page_id=598"},"modified":"2024-12-15T09:59:41","modified_gmt":"2024-12-15T09:59:41","slug":"kampanya","status":"publish","type":"page","link":"https:\/\/acharaka.com.tr\/index.php\/kampanya\/","title":{"rendered":"Kampanya"},"content":{"rendered":"\t\t<div data-elementor-type=\"wp-page\" data-elementor-id=\"598\" class=\"elementor elementor-598\">\n\t\t\t\t<div class=\"elementor-element elementor-element-e07d2bc e-flex e-con-boxed e-con e-parent\" data-id=\"e07d2bc\" data-element_type=\"container\" data-e-type=\"container\">\n\t\t\t\t\t<div class=\"e-con-inner\">\n\t\t\t\t<div class=\"elementor-element elementor-element-c61d27e elementor-widget elementor-widget-heading\" data-id=\"c61d27e\" data-element_type=\"widget\" data-e-type=\"widget\" data-widget_type=\"heading.default\">\n\t\t\t\t<div class=\"elementor-widget-container\">\n\t\t\t\t\t<h2 class=\"elementor-heading-title elementor-size-default\">Kampanya<\/h2>\t\t\t\t<\/div>\n\t\t\t\t<\/div>\n\t\t\t\t\t<\/div>\n\t\t\t\t<\/div>\n\t\t<div class=\"elementor-element elementor-element-c100c0e e-flex e-con-boxed e-con e-parent\" data-id=\"c100c0e\" data-element_type=\"container\" data-e-type=\"container\">\n\t\t\t\t\t<div class=\"e-con-inner\">\n\t\t\t\t<div class=\"elementor-element elementor-element-cc3b620 elementor-widget elementor-widget-shortcode\" data-id=\"cc3b620\" data-element_type=\"widget\" data-e-type=\"widget\" data-widget_type=\"shortcode.default\">\n\t\t\t\t<div class=\"elementor-widget-container\">\n\t\t\t\t\t\t\t<div class=\"elementor-shortcode\"><div class=\"woocommerce columns-4 \"><ul class=\"products content-wrap product-archive grid-cols grid-ss-col-2 grid-sm-col-3 grid-lg-col-4 woo-archive-action-on-hover woo-archive-btn-button align-buttons-bottom  woo-archive-image-hover-flip\"><li class=\"entry content-bg loop-entry product type-product post-668 status-publish first instock product_cat-takma-uclu-2d-matkaplar-2-d-u-drill product_tag-2-d product_tag-takma-uclu-matkap product_tag-u-dril has-post-thumbnail sale taxable shipping-taxable purchasable product-type-simple\">\n\t<a href=\"https:\/\/acharaka.com.tr\/index.php\/urun\/mertsan-takma-uclu-matkap-2-d-u-drill-030-2d-30mm-takim-capi-vcmx5-kesici-uc-1-adet\/\" class=\"woocommerce-loop-image-link woocommerce-LoopProduct-link woocommerce-loop-product__link product-has-hover-image\">\n\t<span class=\"onsale\">\u0130ndirim!<\/span>\n\t<img fetchpriority=\"high\" decoding=\"async\" width=\"300\" height=\"300\" src=\"https:\/\/acharaka.com.tr\/wp-content\/uploads\/2024\/12\/UM65-74-1-300x300.jpg\" class=\"attachment-woocommerce_thumbnail size-woocommerce_thumbnail\" alt=\"Mertsan Takma U\u00e7lu Matkap 2-D U-Drill 030-2D - 30mm Tak\u0131m \u00c7ap\u0131, VCMX5 Kesici U\u00e7 - 1 Adet\" srcset=\"https:\/\/acharaka.com.tr\/wp-content\/uploads\/2024\/12\/UM65-74-1-300x300.jpg 300w, https:\/\/acharaka.com.tr\/wp-content\/uploads\/2024\/12\/UM65-74-1-100x100.jpg 100w, https:\/\/acharaka.com.tr\/wp-content\/uploads\/2024\/12\/UM65-74-1-600x600.jpg 600w, https:\/\/acharaka.com.tr\/wp-content\/uploads\/2024\/12\/UM65-74-1-1024x1024.jpg 1024w, https:\/\/acharaka.com.tr\/wp-content\/uploads\/2024\/12\/UM65-74-1-150x150.jpg 150w, https:\/\/acharaka.com.tr\/wp-content\/uploads\/2024\/12\/UM65-74-1-768x768.jpg 768w, https:\/\/acharaka.com.tr\/wp-content\/uploads\/2024\/12\/UM65-74-1-650x650.jpg 650w, https:\/\/acharaka.com.tr\/wp-content\/uploads\/2024\/12\/UM65-74-1-1300x1300.jpg 1300w, https:\/\/acharaka.com.tr\/wp-content\/uploads\/2024\/12\/UM65-74-1.jpg 1500w\" sizes=\"(max-width: 300px) 100vw, 300px\" \/><img decoding=\"async\" width=\"300\" height=\"300\" src=\"https:\/\/acharaka.com.tr\/wp-content\/uploads\/2024\/12\/UM65-74-4-300x300.jpg\" class=\"secondary-product-image attachment-woocommerce_thumbnail attachment-shop-catalog wp-post-image wp-post-image--secondary\" alt=\"\" title=\"UM65-74-4\" srcset=\"https:\/\/acharaka.com.tr\/wp-content\/uploads\/2024\/12\/UM65-74-4-300x300.jpg 300w, https:\/\/acharaka.com.tr\/wp-content\/uploads\/2024\/12\/UM65-74-4-100x100.jpg 100w, https:\/\/acharaka.com.tr\/wp-content\/uploads\/2024\/12\/UM65-74-4-600x600.jpg 600w, https:\/\/acharaka.com.tr\/wp-content\/uploads\/2024\/12\/UM65-74-4-1024x1024.jpg 1024w, https:\/\/acharaka.com.tr\/wp-content\/uploads\/2024\/12\/UM65-74-4-150x150.jpg 150w, https:\/\/acharaka.com.tr\/wp-content\/uploads\/2024\/12\/UM65-74-4-768x768.jpg 768w, https:\/\/acharaka.com.tr\/wp-content\/uploads\/2024\/12\/UM65-74-4-650x650.jpg 650w, https:\/\/acharaka.com.tr\/wp-content\/uploads\/2024\/12\/UM65-74-4-1300x1300.jpg 1300w, https:\/\/acharaka.com.tr\/wp-content\/uploads\/2024\/12\/UM65-74-4.jpg 1500w\" sizes=\"(max-width: 300px) 100vw, 300px\" \/><\/a><div class=\"product-details content-bg entry-content-wrap\"><h2 class=\"woocommerce-loop-product__title\"><a href=\"https:\/\/acharaka.com.tr\/index.php\/urun\/mertsan-takma-uclu-matkap-2-d-u-drill-030-2d-30mm-takim-capi-vcmx5-kesici-uc-1-adet\/\" class=\"woocommerce-LoopProduct-link-title woocommerce-loop-product__title_ink\">Mertsan Takma U\u00e7lu Matkap 2-D U-Drill 030-2D &#8211; 30mm Tak\u0131m \u00c7ap\u0131, VCMX5 Kesici U\u00e7 &#8211; 1 Adet<\/a><\/h2>\n\t<span class=\"price\"><del aria-hidden=\"true\"><span class=\"woocommerce-Price-amount amount\"><bdi>2.317,00<span class=\"woocommerce-Price-currencySymbol\">&#8378;<\/span><\/bdi><\/span><\/del> <span class=\"screen-reader-text\">Orijinal fiyat: 2.317,00&#8378;.<\/span><ins aria-hidden=\"true\"><span class=\"woocommerce-Price-amount amount\"><bdi>2.199,00<span class=\"woocommerce-Price-currencySymbol\">&#8378;<\/span><\/bdi><\/span><\/ins><span class=\"screen-reader-text\">\u015eu andaki fiyat: 2.199,00&#8378;.<\/span> <small class=\"woocommerce-price-suffix\">Kdv Dahil<\/small><\/span>\n<div class=\"product-action-wrap\"><a href=\"\/index.php\/wp-json\/wp\/v2\/pages\/598?add-to-cart=668\" data-quantity=\"1\" class=\"button product_type_simple add_to_cart_button ajax_add_to_cart\" data-product_id=\"668\" data-product_sku=\"UM-64\" aria-label=\"Sepete ekle: \u201cMertsan Takma U\u00e7lu Matkap 2-D U-Drill 030-2D - 30mm Tak\u0131m \u00c7ap\u0131, VCMX5 Kesici U\u00e7 - 1 Adet\u201d\" rel=\"nofollow\" data-success_message=\"&quot;Mertsan Takma U\u00e7lu Matkap 2-D U-Drill 030-2D - 30mm Tak\u0131m \u00c7ap\u0131, VCMX5 Kesici U\u00e7 - 1 Adet&quot; sepetinize eklendi\" role=\"button\">Sepete Ekle<span class=\"kadence-svg-iconset svg-baseline\"><svg class=\"kadence-svg-icon kadence-spinner-svg\" fill=\"currentColor\" version=\"1.1\" xmlns=\"http:\/\/www.w3.org\/2000\/svg\" width=\"16\" height=\"16\" viewBox=\"0 0 16 16\"><title>Loading<\/title><path d=\"M16 6h-6l2.243-2.243c-1.133-1.133-2.64-1.757-4.243-1.757s-3.109 0.624-4.243 1.757c-1.133 1.133-1.757 2.64-1.757 4.243s0.624 3.109 1.757 4.243c1.133 1.133 2.64 1.757 4.243 1.757s3.109-0.624 4.243-1.757c0.095-0.095 0.185-0.192 0.273-0.292l1.505 1.317c-1.466 1.674-3.62 2.732-6.020 2.732-4.418 0-8-3.582-8-8s3.582-8 8-8c2.209 0 4.209 0.896 5.656 2.344l2.343-2.344v6z\"><\/path>\n\t\t\t\t<\/svg><\/span><span class=\"kadence-svg-iconset svg-baseline\"><svg class=\"kadence-svg-icon kadence-check-svg\" fill=\"currentColor\" version=\"1.1\" xmlns=\"http:\/\/www.w3.org\/2000\/svg\" width=\"16\" height=\"16\" viewBox=\"0 0 16 16\"><title>Done<\/title><path d=\"M14 2.5l-8.5 8.5-3.5-3.5-1.5 1.5 5 5 10-10z\"><\/path>\n\t\t\t\t<\/svg><\/span><\/a>\t<span id=\"woocommerce_loop_add_to_cart_link_describedby_668\" class=\"screen-reader-text\">\n\t\t\t<\/span>\n<\/div><\/div><\/li>\n<\/ul>\n<\/div><\/div>\n\t\t\t\t\t\t<\/div>\n\t\t\t\t<\/div>\n\t\t\t\t\t<\/div>\n\t\t\t\t<\/div>\n\t\t<div class=\"elementor-element elementor-element-8967549 e-flex e-con-boxed e-con e-parent\" data-id=\"8967549\" data-element_type=\"container\" data-e-type=\"container\">\n\t\t\t\t\t<div class=\"e-con-inner\">\n\t\t\t\t\t<\/div>\n\t\t\t\t<\/div>\n\t\t\t\t<\/div>\n\t\t","protected":false},"excerpt":{"rendered":"<p>Kampanya<\/p>\n","protected":false},"author":1,"featured_media":0,"parent":0,"menu_order":0,"comment_status":"closed","ping_status":"closed","template":"","meta":{"postBodyCss":"","postBodyMargin":[],"postBodyPadding":[],"postBodyBackground":{"backgroundType":"classic","gradient":""},"_kad_post_transparent":"","_kad_post_title":"hide","_kad_post_layout":"fullwidth","_kad_post_sidebar_id":"","_kad_post_content_style":"unboxed","_kad_post_vertical_padding":"hide","_kad_post_feature":"hide","_kad_post_feature_position":"","_kad_post_header":false,"_kad_post_footer":false,"_kad_post_classname":"","footnotes":""},"class_list":["post-598","page","type-page","status-publish","hentry"],"_links":{"self":[{"href":"https:\/\/acharaka.com.tr\/index.php\/wp-json\/wp\/v2\/pages\/598","targetHints":{"allow":["GET"]}}],"collection":[{"href":"https:\/\/acharaka.com.tr\/index.php\/wp-json\/wp\/v2\/pages"}],"about":[{"href":"https:\/\/acharaka.com.tr\/index.php\/wp-json\/wp\/v2\/types\/page"}],"author":[{"embeddable":true,"href":"https:\/\/acharaka.com.tr\/index.php\/wp-json\/wp\/v2\/users\/1"}],"replies":[{"embeddable":true,"href":"https:\/\/acharaka.com.tr\/index.php\/wp-json\/wp\/v2\/comments?post=598"}],"version-history":[{"count":13,"href":"https:\/\/acharaka.com.tr\/index.php\/wp-json\/wp\/v2\/pages\/598\/revisions"}],"predecessor-version":[{"id":706,"href":"https:\/\/acharaka.com.tr\/index.php\/wp-json\/wp\/v2\/pages\/598\/revisions\/706"}],"wp:attachment":[{"href":"https:\/\/acharaka.com.tr\/index.php\/wp-json\/wp\/v2\/media?parent=598"}],"curies":[{"name":"wp","href":"https:\/\/api.w.org\/{rel}","templated":true}]}}