{"id":552,"date":"2024-12-09T18:30:47","date_gmt":"2024-12-09T18:30:47","guid":{"rendered":"https:\/\/acharaka.com.tr\/?page_id=552"},"modified":"2024-12-09T18:30:48","modified_gmt":"2024-12-09T18:30:48","slug":"on-bilgilendirme-formu","status":"publish","type":"page","link":"https:\/\/acharaka.com.tr\/index.php\/on-bilgilendirme-formu\/","title":{"rendered":"\u00d6n Bilgilendirme Formu"},"content":{"rendered":"\n<p>T\u00dcKET\u0130C\u0130 MEVZUATI GERE\u011e\u0130NCE \u00d6N B\u0130LG\u0130LEND\u0130RME FORMU<\/p>\n\n\n\n<p>1. SATICIYA \u0130L\u0130\u015eK\u0130N B\u0130LG\u0130LER<\/p>\n\n\n\n<figure class=\"wp-block-table\"><table class=\"has-fixed-layout\"><tbody><tr><td>Ticari \u00dcnvan<\/td><td>:<\/td><td>Mehmet \u00c7akmako\u011flu &nbsp;(Bundan b\u00f6yle &#8220;SATICI&#8221; olarak an\u0131lacakt\u0131r)<\/td><\/tr><tr><td>Adres<\/td><td>:<\/td><td>Zuhuratbaba Mah. T\u00fcrki\u015f Cad. No:17 D:10 Bak\u0131rk\u00f6y-\u0130stanbul<\/td><\/tr><tr><td>Telefon<\/td><td>:<\/td><td>5322956511<\/td><\/tr><tr><td>Faks<\/td><td>:<\/td><td>**********<\/td><\/tr><tr><td>E-posta Adresi<\/td><td>:<\/td><td>info@acharaka.com<\/td><\/tr><\/tbody><\/table><\/figure>\n\n\n\n<p>2. ALICIYA \u0130L\u0130\u015eK\u0130N B\u0130LG\u0130LER<\/p>\n\n\n\n<figure class=\"wp-block-table\"><table class=\"has-fixed-layout\"><tbody><tr><td>Ad\u0131 Soyad\u0131 \/ \u00dcnvan\u0131<\/td><td>:<\/td><td>%FATURA_AD_SOYAD%<\/td><\/tr><tr><td>Teslimat Adresi<\/td><td>:<\/td><td>%TESLIMAT_ADRES%<\/td><\/tr><tr><td>Telefon<\/td><td>:<\/td><td>%FATURA_TEL_1%<\/td><\/tr><tr><td>E-posta<\/td><td>:<\/td><td>%UYE_E-POSTA%<\/td><\/tr><\/tbody><\/table><\/figure>\n\n\n\n<p>3. KONU\u0130\u015fbu \u00d6n Bilgilendirme Formu&#8217;nun konusu; Al\u0131c\u0131n\u0131n, a\u015fa\u011f\u0131da nitelik ve sat\u0131\u015f fiyat\u0131 belirtilen \u00fcr\u00fcn ya da \u00fcr\u00fcnlerin sat\u0131\u015f\u0131 ve teslimi ile ilgili olarak 6502 say\u0131l\u0131 T\u00fcketicilerin Korunmas\u0131 Hakk\u0131nda Kanun ve 27 Kas\u0131m 2014 tarihli ve 29188 say\u0131l\u0131 Resmi Gazetede yay\u0131nlanan Mesafeli S\u00f6zle\u015fmelere Dair Y\u00f6netmelik h\u00fck\u00fcmleri gere\u011fince bilgilendirilmesidir.&nbsp;<br><\/p>\n\n\n\n<p>4. S\u00d6ZLE\u015eME KONUSU \u00dcR\u00dcN\u00dcN TEMEL \u00d6ZELL\u0130KLER\u0130 ve \u00d6DEME B\u0130LG\u0130LER\u0130<strong>\u0130\u015fbu k\u0131s\u0131mda s\u00f6zle\u015fme konusu \u00fcr\u00fcn ya da \u00fcr\u00fcnlerin temel \u00f6zellikleri a\u00e7\u0131klanmaktad\u0131r.<\/strong><\/p>\n\n\n\n<figure class=\"wp-block-table\"><table class=\"has-fixed-layout\"><tbody><tr><td><strong>A\u00e7\u0131klama<\/strong><\/td><td><strong>Adet<\/strong><\/td><td><strong>KDV Dahil Tutar<\/strong><\/td><td><strong>Toplam Tutar<\/strong><\/td><\/tr><\/tbody><\/table><\/figure>\n\n\n\n<p>[URUNLER_DIZI]<\/p>\n\n\n\n<figure class=\"wp-block-table\"><table class=\"has-fixed-layout\"><tbody><tr><td>%URUN_ADI%<\/td><td>%URUN_MIKTAR%<\/td><td>%URUN_BIRIM_FIYAT% %URUN_FIYAT_BIRIM%<\/td><td>%URUN_TOPLAM_FIYAT% %URUN_FIYAT_BIRIM%<\/td><\/tr><\/tbody><\/table><\/figure>\n\n\n\n<p>[\/URUNLER_DIZI]<\/p>\n\n\n\n<figure class=\"wp-block-table\"><table class=\"has-fixed-layout\"><tbody><tr><td colspan=\"3\">Kargo Bedeli<\/td><td><strong>%KARGO_UCRETI% %FIYAT_BIRIMI%<\/strong><\/td><\/tr><tr><td colspan=\"3\">\u00d6deme \u015eekli<\/td><td>%ODEME_SEKLI%<\/td><\/tr><tr><td colspan=\"3\"><strong>\u00d6denecek Toplam Tutar (KDV Dahil)<\/strong><\/td><td><strong>%TOPLAM_TUTAR% %FIYAT_BIRIMI%<\/strong><\/td><\/tr><\/tbody><\/table><\/figure>\n\n\n\n<p>5. MAL\/H\u0130ZMET\u0130N TESL\u0130M ZAMANITeslimat, stokun m\u00fcsait olmas\u0131 ve mal bedelinin Sat\u0131c\u0131n\u0131n hesab\u0131na ge\u00e7mesinden sonra m\u00fcmk\u00fcn olan en k\u0131sa s\u00fcrede yap\u0131l\u0131r. Do\u011fal afetler, hava muhalefeti vs. gibi m\u00fccbir sebeplerle gecikmeler olabilir. Sat\u0131c\u0131, mal\u0131\/hizmeti sipari\u015finden itibaren 30 (Otuz) g\u00fcn i\u00e7inde teslim eder.&nbsp;<br><\/p>\n\n\n\n<p>6. MAL\/H\u0130ZMET\u0130N TESL\u0130MATIMal\/hizmetin teslimi al\u0131c\u0131n\u0131n talep etti\u011fi adreste kendisine yap\u0131l\u0131r. Al\u0131c\u0131, kendisinden ba\u015fka birine ve de kendi adresinden ba\u015fka bir adrese teslimat yap\u0131lmas\u0131n\u0131 isterse, bu talebi do\u011frultusunda teslimat yap\u0131l\u0131r. Teslimat masraflar\u0131 Al\u0131c\u0131ya aittir. Sat\u0131c\u0131, web sitesinde, ilan etti\u011fi rakam\u0131n \u00fczerinde al\u0131\u015fveri\u015f yapanlar\u0131n veya kimi kampanyalar\u0131nda teslimat \u00fccretinin kendisince kar\u015f\u0131lanaca\u011f\u0131n\u0131 beyan etmi\u015fse, teslimat masraf\u0131 Sat\u0131c\u0131ya taraf\u0131ndan kar\u015f\u0131lan\u0131r. Mal\/hizmet teslimat\u0131 kargo firmalar\u0131nca yap\u0131lmaktad\u0131r.&nbsp;<\/p>\n\n\n\n<p><strong>Sipari\u015f konusu mal\/hizmetin teslimat\u0131 i\u00e7in mesafeli sat\u0131\u015f s\u00f6zle\u015fmesinin imzal\u0131 bir n\u00fcshas\u0131n\u0131n Sat\u0131c\u0131ya ula\u015ft\u0131r\u0131lm\u0131\u015f olmas\u0131 ve bedelinin Al\u0131c\u0131n\u0131n tercih etti\u011fi \u00f6deme sekli ile \u00f6denmi\u015f olmas\u0131 \u015fartt\u0131r. Herhangi bir nedenle mal\/hizmet bedeli \u00f6denmez veya banka kay\u0131tlar\u0131nda iptal edilir ise, Sat\u0131c\u0131 mal\/hizmetin teslimi y\u00fck\u00fcml\u00fcl\u00fc\u011f\u00fcnden kurtulmu\u015f kabul edilir.<\/strong><br><\/p>\n\n\n\n<p>7. \u00d6DEME \u015eEKL\u0130\u00d6demeler kredi kart\u0131, EFT veya havale y\u00f6ntemlerinden birisi kullan\u0131larak yap\u0131labilir.&nbsp;<br><\/p>\n\n\n\n<p>8. GE\u00c7ERL\u0130L\u0130K S\u00dcRES\u0130Listelenen ve siteden ilan edilen fiyatlar sat\u0131\u015f fiyat\u0131d\u0131r. \u0130lan edilen fiyatlar ve vaatler g\u00fcncelleme yap\u0131lana ve de\u011fi\u015ftirilene kadar ge\u00e7erlidir. S\u00fcreli olarak ilan edilen fiyatlar ise belirtilen s\u00fcre sonuna kadar ge\u00e7erlili\u011fini korur. Ancak hatayla yanl\u0131\u015f yaz\u0131lan, tedarik\u00e7inin ge\u00e7 bildirmesi ile g\u00fcncellenmemi\u015f olan fiyat farkl\u0131l\u0131klar\u0131nda Sat\u0131c\u0131n\u0131n m\u00fc\u015fteriye bildirece\u011fi g\u00fcncel fiyat ge\u00e7erli kabul edilecektir. Hata durumlar\u0131nda mal\/hizmet bedelinden fazla \u00e7ekim yap\u0131lm\u0131\u015fsa fark\u0131 iade edilir. Mal\/hizmetin ger\u00e7ek fiyat\u0131 ilan edilenden farkl\u0131 ise Al\u0131c\u0131ya ger\u00e7ek fiyat bildirilir. M\u00fc\u015fterinin talebi do\u011frultusunda ger\u00e7ek fiyat \u00fczerinden sat\u0131\u015f ger\u00e7ekle\u015ftirilir ya da sat\u0131\u015f iptal edilir.<\/p>\n\n\n\n<p>9. CAYMA HAKKIAl\u0131c\u0131; mal sat\u0131\u015f\u0131na ili\u015fkin mesafeli s\u00f6zle\u015fmelerde, mal\u0131 teslim ald\u0131\u011f\u0131 tarihten itibaren on d\u00f6rt g\u00fcn i\u00e7erisinde hi\u00e7bir hukuki ve cezai sorumluluk \u00fcstlenmeksizin ve hi\u00e7bir gerek\u00e7e g\u00f6stermeksizin mal\u0131 reddederek s\u00f6zle\u015fmeden cayma hakk\u0131na sahiptir. Hizmet sunumuna ili\u015fkin mesafeli s\u00f6zle\u015fmelerde ise, bu s\u00fcre s\u00f6zle\u015fmenin imzaland\u0131\u011f\u0131 tarihte ba\u015flar. S\u00f6zle\u015fmede, hizmetin ifas\u0131n\u0131n on d\u00f6rt g\u00fcnl\u00fck s\u00fcre dolmadan yap\u0131lmas\u0131 kararla\u015ft\u0131r\u0131lm\u0131\u015fsa, t\u00fcketici ifan\u0131n ba\u015flayaca\u011f\u0131 tarihe kadar cayma hakk\u0131n\u0131 kullanabilir. Cayma hakk\u0131n\u0131n kullan\u0131m\u0131ndan kaynaklanan masraflar sat\u0131c\u0131ya aittir.&nbsp;<\/p>\n\n\n\n<p>Cayma hakk\u0131n\u0131n kullan\u0131lmas\u0131 i\u00e7in Al\u0131c\u0131 taraf\u0131ndan on d\u00f6rt g\u00fcnl\u00fck s\u00fcre i\u00e7inde Sat\u0131c\u0131ya yukar\u0131da bildirilen faks, telefon veya elektronik posta ile bildirimde bulunulmas\u0131 ve mal\/hizmetin Mesafeli Sat\u0131\u015f S\u00f6zle\u015fmesi&#8217;nin 4. Madde h\u00fck\u00fcmleri \u00e7er\u00e7evesinde ve i\u015fbu S\u00f6zle\u015fmenin ayr\u0131lmaz par\u00e7as\u0131 olan ve web sitesinde yay\u0131nlanm\u0131\u015f olan \u00f6nbilgiler gere\u011fince, ambalaj ve i\u00e7eri\u011finin mal denenirken hasar g\u00f6rmemi\u015f olmas\u0131 ve Sat\u0131c\u0131 taraf\u0131ndan tekrar sat\u0131\u015fa arz edilebilir nitelikte olmas\u0131 \u015fartt\u0131r. Cayma Hakk\u0131 kapsam\u0131nda yer alan iade usulleri Mesafeli Sat\u0131\u015f S\u00f6zle\u015fmesinde yer almaktad\u0131r. Bu hakk\u0131n kullan\u0131lmas\u0131 halinde, 3. ki\u015fiye veya Al\u0131c\u0131ya teslim edilen mal\/hizmete ili\u015fkin fatura aslinin iadesi zorunludur. Cayma hakk\u0131na ili\u015fkin ihbar\u0131n ula\u015fmas\u0131n\u0131 takip eden en ge\u00e7 14 (on d\u00f6rt) g\u00fcn i\u00e7inde mal\/hizmet bedeli ve teslimat masraflar\u0131 Al\u0131c\u0131ya iade edilir ve 10 (on) g\u00fcnl\u00fck s\u00fcre i\u00e7inde mal\/hizmeti al\u0131c\u0131 iade etmekle m\u00fckelleftir. Fatura asli g\u00f6nderilmezse Al\u0131c\u0131ya KDV ve varsa di\u011fer yasal y\u00fck\u00fcml\u00fcl\u00fckler iade edilemez. Cayma hakk\u0131 ile iade edilen mal\/hizmetin teslimat bedeli Al\u0131c\u0131 taraf\u0131ndan kar\u015f\u0131lan\u0131r.&nbsp;<\/p>\n\n\n\n<p>Al\u0131c\u0131n\u0131n kusurundan kaynaklanan bir nedenle mal\u0131n de\u011ferinde bir azalma olursa veya iade imkans\u0131zla\u015f\u0131rsa Al\u0131c\u0131 kusur oran\u0131nda Sat\u0131c\u0131n\u0131n zarar\u0131n\u0131 tazmin etmekle y\u00fck\u00fcml\u00fcd\u00fcr.\u00d6demeler kredi kart\u0131, EFT veya havale y\u00f6ntemlerinden birisi kullan\u0131larak yap\u0131labilir.&nbsp;<br><\/p>\n\n\n\n<p>10. CAYMA HAKKININ KULLANILAMAYACA\u011eI MAL\/H\u0130ZMETLERNiteli\u011fi itibar\u0131yla iade edilemeyecek mal\/hizmetler, h\u0131zla bozulan ve son kullanma tarihi ge\u00e7en mal\/hizmetler, tek kullan\u0131ml\u0131k mal\/hizmetler, kopyalanabilir her t\u00fcrl\u00fc yaz\u0131l\u0131m ve programlard\u0131r. Ayr\u0131ca, her t\u00fcrl\u00fc yaz\u0131l\u0131m ve programlar\u0131nda, DVD, DIVX, VCD, CD, MD, videokasetlerde, bilgisayar ve k\u0131rtasiye sarf malzemelerinde (toner, kartu\u015f, \u015ferit ve benzeri) ile kozmetik malzemelerinde cayma hakk\u0131n\u0131n kullan\u0131labilmesi i\u00e7in mal\/hizmetin ambalaj\u0131n\u0131n a\u00e7\u0131lmam\u0131\u015f, bozulmam\u0131\u015f ve kullan\u0131lmam\u0131\u015f olmalar\u0131 \u015fart\u0131 bulunmaktad\u0131r.&nbsp;<\/p>\n\n\n\n<p>a) Fiyat\u0131 finansal piyasalardaki dalgalanmalara ba\u011fl\u0131 olarak de\u011fi\u015fen ve sat\u0131c\u0131 veya sa\u011flay\u0131c\u0131n\u0131n kontrol\u00fcnde olmayan mal veya hizmetlere ili\u015fkin s\u00f6zle\u015fmeler.&nbsp;<\/p>\n\n\n\n<p>b) T\u00fcketicinin istekleri veya ki\u015fisel ihtiya\u00e7lar\u0131 do\u011frultusunda haz\u0131rlanan mallara ili\u015fkin s\u00f6zle\u015fmeler.&nbsp;<\/p>\n\n\n\n<p>c) \u00c7abuk bozulabilen veya son kullanma tarihi ge\u00e7ebilecek mallar\u0131n teslimine ili\u015fkin s\u00f6zle\u015fmeler.&nbsp;<\/p>\n\n\n\n<p>\u00e7) Tesliminden sonra ambalaj, bant, m\u00fch\u00fcr, paket gibi koruyucu unsurlar\u0131 a\u00e7\u0131lm\u0131\u015f olan mallardan; iadesi sa\u011fl\u0131k ve hijyen a\u00e7\u0131s\u0131ndan uygun olmayanlar\u0131n teslimine ili\u015fkin s\u00f6zle\u015fmeler.&nbsp;<\/p>\n\n\n\n<p>d) Tesliminden sonra ba\u015fka \u00fcr\u00fcnlerle kar\u0131\u015fan ve do\u011fas\u0131 gere\u011fi ayr\u0131\u015ft\u0131r\u0131lmas\u0131 m\u00fcmk\u00fcn olmayan mallara ili\u015fkin s\u00f6zle\u015fmeler.&nbsp;<\/p>\n\n\n\n<p>e) Mal\u0131n tesliminden sonra ambalaj, bant, m\u00fch\u00fcr, paket gibi koruyucu unsurlar\u0131 a\u00e7\u0131lm\u0131\u015f olmas\u0131 halinde maddi ortamda sunulan kitap, dijital i\u00e7erik ve bilgisayar sarf malzemelerine ili\u015fkin s\u00f6zle\u015fmeler.&nbsp;<\/p>\n\n\n\n<p>f) Abonelik s\u00f6zle\u015fmesi kapsam\u0131nda sa\u011flananlar d\u0131\u015f\u0131nda, gazete ve dergi gibi s\u00fcreli yay\u0131nlar\u0131n teslimine ili\u015fkin s\u00f6zle\u015fmeler.&nbsp;<\/p>\n\n\n\n<p>g) Belirli bir tarihte veya d\u00f6nemde yap\u0131lmas\u0131 gereken, konaklama, e\u015fya ta\u015f\u0131ma, araba kiralama, yiyecek-i\u00e7ecek tedariki ve e\u011flence veya dinlenme amac\u0131yla yap\u0131lan bo\u015f zaman\u0131n de\u011ferlendirilmesine ili\u015fkin s\u00f6zle\u015fmeler.&nbsp;<\/p>\n\n\n\n<p>\u011f) Elektronik ortamda an\u0131nda ifa edilen hizmetler veya t\u00fcketiciye an\u0131nda teslim edilen gayrimaddi mallara ili\u015fkin s\u00f6zle\u015fmeler.&nbsp;<\/p>\n\n\n\n<p>h) Cayma hakk\u0131 s\u00fcresi sona ermeden \u00f6nce, t\u00fcketicinin onay\u0131 ile ifas\u0131na ba\u015flanan hizmetlere ili\u015fkin s\u00f6zle\u015fmeler.<\/p>\n\n\n\n<p>11. GE\u00c7ERL\u0130L\u0130K\u0130\u015fbu \u00f6n bilgilendirme formu, elektronik ortamda Al\u0131c\u0131 taraf\u0131ndan okunarak kabul edildikten sonra Mesafeli Sat\u0131\u015f S\u00f6zle\u015fmesi kurulmas\u0131 a\u015famas\u0131na ge\u00e7ilecektir.&nbsp;<\/p>\n\n\n\n<p>12. YETK\u0130L\u0130 MAHKEMET\u00fcketici; \u015fik\u00e2yet ve itirazlar\u0131 konusunda ba\u015fvurular\u0131n\u0131, T.C. G\u00fcmr\u00fck ve Ticaret Bakanl\u0131\u011f\u0131 taraf\u0131ndan her y\u0131l Aral\u0131k ay\u0131nda belirlenen parasal s\u0131n\u0131rlar d\u00e2hilinde t\u00fcketicinin mal veya hizmeti sat\u0131n ald\u0131\u011f\u0131 veya ikametg\u00e2h\u0131n\u0131n bulundu\u011fu yerdeki t\u00fcketici sorunlar\u0131 hakem heyetine veya t\u00fcketici mahkemesine yapabilir.&nbsp;<\/p>\n\n\n\n<p>13. SON H\u00dcK\u00dcMLERSipari\u015fe ili\u015fkin verilen belge ve bilgilerin eksik, sahte ve\/veya yanl\u0131\u015f oldu\u011funun saptanmas\u0131 veya sipari\u015fin k\u00f6t\u00fc niyetle\/veya ticari ve\/veya kazan\u00e7 elde etmek amac\u0131yla yap\u0131lm\u0131\u015f oldu\u011funa dair \u015f\u00fcphenin varl\u0131\u011f\u0131 ya da tespiti halinde, herhangi bir zamanda, Al\u0131c\u0131&#8217;y\u0131 bilgilendirmek ko\u015fuluyla sipari\u015f ba\u015fvurusunu, gerekli incelemelerin yap\u0131lmas\u0131n\u0131 teminen durdurma ve\/veya iptal etme hakk\u0131n\u0131 sakl\u0131 tutar. \u0130ptal halinde, \u00f6deme i\u00e7in iade s\u00fcreci yine Al\u0131c\u0131&#8217;ya bildirilmek kayd\u0131yla yap\u0131labilir.&nbsp;<\/p>\n\n\n\n<p>14. \u0130ST\u0130SNA<strong>\u0130\u015fbu \u00f6n bilgilendirme formunda yer alan ve 6502 say\u0131l\u0131 T\u00fcketicinin Korunmas\u0131 Hakk\u0131nda Kanundan do\u011farak t\u00fcketicilere hukuki koruma sa\u011flayan madde h\u00fck\u00fcmleri sadece al\u0131c\u0131n\u0131n T\u00fcketici oldu\u011fu hallerde ge\u00e7erli olarak h\u00fck\u00fcm ifade edecek olup; al\u0131c\u0131n\u0131n 6502 say\u0131l\u0131 kanunda yer alan T\u00fcketici tan\u0131m\u0131na uymad\u0131\u011f\u0131 hallerde ilgili maddeler taraflar aras\u0131nda h\u00fck\u00fcm ifade etmeyecektir.<\/strong><\/p>\n\n\n\n<p><strong>Al\u0131c\u0131;<\/strong>&nbsp;6502 S.K.&#8217;un M. 48, f.2 ve Mes. S\u00f6z. Y\u00f6n. 5., 6. ve 7. maddeleri gere\u011fince \u00d6n Bilgileri okuyup bilgi sahibi oldu\u011funu ve elektronik ortamda gerekli teyidi verdi\u011fini kabul, taahh\u00fct ve beyan eder.<\/p>\n","protected":false},"excerpt":{"rendered":"<p>T\u00dcKET\u0130C\u0130 MEVZUATI GERE\u011e\u0130NCE \u00d6N B\u0130LG\u0130LEND\u0130RME FORMU 1. SATICIYA \u0130L\u0130\u015eK\u0130N B\u0130LG\u0130LER Ticari \u00dcnvan : Mehmet \u00c7akmako\u011flu &nbsp;(Bundan b\u00f6yle &#8220;SATICI&#8221; olarak an\u0131lacakt\u0131r) Adres : Zuhuratbaba Mah. T\u00fcrki\u015f Cad. No:17 D:10 Bak\u0131rk\u00f6y-\u0130stanbul Telefon : 5322956511 Faks : ********** E-posta Adresi : info@acharaka.com 2. ALICIYA \u0130L\u0130\u015eK\u0130N B\u0130LG\u0130LER Ad\u0131 Soyad\u0131 \/ \u00dcnvan\u0131 : %FATURA_AD_SOYAD% Teslimat Adresi : %TESLIMAT_ADRES% Telefon :&#8230;<\/p>\n","protected":false},"author":1,"featured_media":0,"parent":0,"menu_order":0,"comment_status":"closed","ping_status":"closed","template":"","meta":{"postBodyCss":"","postBodyMargin":[],"postBodyPadding":[],"postBodyBackground":{"backgroundType":"classic","gradient":""},"_kad_post_transparent":"","_kad_post_title":"","_kad_post_layout":"","_kad_post_sidebar_id":"","_kad_post_content_style":"","_kad_post_vertical_padding":"","_kad_post_feature":"","_kad_post_feature_position":"","_kad_post_header":false,"_kad_post_footer":false,"_kad_post_classname":"","footnotes":""},"class_list":["post-552","page","type-page","status-publish","hentry"],"_links":{"self":[{"href":"https:\/\/acharaka.com.tr\/index.php\/wp-json\/wp\/v2\/pages\/552","targetHints":{"allow":["GET"]}}],"collection":[{"href":"https:\/\/acharaka.com.tr\/index.php\/wp-json\/wp\/v2\/pages"}],"about":[{"href":"https:\/\/acharaka.com.tr\/index.php\/wp-json\/wp\/v2\/types\/page"}],"author":[{"embeddable":true,"href":"https:\/\/acharaka.com.tr\/index.php\/wp-json\/wp\/v2\/users\/1"}],"replies":[{"embeddable":true,"href":"https:\/\/acharaka.com.tr\/index.php\/wp-json\/wp\/v2\/comments?post=552"}],"version-history":[{"count":1,"href":"https:\/\/acharaka.com.tr\/index.php\/wp-json\/wp\/v2\/pages\/552\/revisions"}],"predecessor-version":[{"id":553,"href":"https:\/\/acharaka.com.tr\/index.php\/wp-json\/wp\/v2\/pages\/552\/revisions\/553"}],"wp:attachment":[{"href":"https:\/\/acharaka.com.tr\/index.php\/wp-json\/wp\/v2\/media?parent=552"}],"curies":[{"name":"wp","href":"https:\/\/api.w.org\/{rel}","templated":true}]}}