{"id":536,"date":"2024-12-09T17:37:26","date_gmt":"2024-12-09T17:37:26","guid":{"rendered":"https:\/\/acharaka.com.tr\/?page_id=536"},"modified":"2024-12-09T17:37:28","modified_gmt":"2024-12-09T17:37:28","slug":"aydinlatma-ve-riza-metni","status":"publish","type":"page","link":"https:\/\/acharaka.com.tr\/index.php\/aydinlatma-ve-riza-metni\/","title":{"rendered":"Ayd\u0131nlatma Ve R\u0131za Metni"},"content":{"rendered":"\n<p><strong>K\u0130\u015e\u0130SEL VER\u0130LER\u0130N \u0130\u015eLENMES\u0130NE \u0130L\u0130\u015eK\u0130N AYDINLATMA METN\u0130<\/strong><\/p>\n\n\n\n<ol start=\"1\" class=\"wp-block-list\">\n<li><strong>Ayd\u0131nlatma Metni\u2019nin Amac\u0131 ve \u015eirketimizin Veri Sorumlusu Konumu:<\/strong><\/li>\n<\/ol>\n\n\n\n<p>\u015eirketimiz Acharaka.com &#8211; Mehmet \u00c7akmako\u011flu&nbsp;&nbsp;(\u201cacharaka.com\u201d ve\/veya \u201c\u015eirket\u201d), m\u00fc\u015fterilere ili\u015fkin ki\u015fisel veriler bak\u0131m\u0131ndan 6698 say\u0131l\u0131 Ki\u015fisel Verilerin Korunmas\u0131 Kanunu (\u201cKanun\u201d) kapsam\u0131nda \u201cveri sorumlusu\u201d s\u0131fat\u0131na sahip olup i\u015fbu Ayd\u0131nlatma Metni ile s\u00f6z konusu Kanun uyar\u0131nca m\u00fc\u015fterilerin acharaka.com taraf\u0131ndan ger\u00e7ekle\u015ftirilen ki\u015fisel veri i\u015fleme faaliyetleri hakk\u0131nda ayd\u0131nlat\u0131lmas\u0131 hedeflenmektedir.<\/p>\n\n\n\n<ol start=\"1\" class=\"wp-block-list\">\n<li><strong>M\u00fc\u015fterilere Ait Ki\u015fisel Verilerin \u0130\u015flenme Amac\u0131:<\/strong><\/li>\n<\/ol>\n\n\n\n<p>M\u00fc\u015fterilere ait ki\u015fisel veriler, acharaka.com taraf\u0131ndan sunulan \u00fcr\u00fcn ve hizmetlerden ilgili ki\u015fileri faydaland\u0131rmak i\u00e7in gerekli \u00e7al\u0131\u015fmalar\u0131n i\u015f birimleri taraf\u0131ndan yap\u0131lmas\u0131 ve ilgili i\u015f s\u00fcre\u00e7lerinin y\u00fcr\u00fct\u00fclmesi, acharaka.com taraf\u0131ndan y\u00fcr\u00fct\u00fclen ticari faaliyetlerin ger\u00e7ekle\u015ftirilmesi i\u00e7in ilgili i\u015f birimleri taraf\u0131ndan gerekli \u00e7al\u0131\u015fmalar\u0131n yap\u0131lmas\u0131 ve buna ba\u011fl\u0131 i\u015f s\u00fcre\u00e7lerinin y\u00fcr\u00fct\u00fclmesi, acharaka.com\u2019un ticari ve\/veya i\u015f stratejilerinin planlanmas\u0131 ve icras\u0131, acharaka.com\u2019un ve acharaka.com ile i\u015f ili\u015fkisi i\u00e7erisinde olan ilgili ki\u015filerin hukuki, teknik ve ticari i\u015f g\u00fcvenli\u011finin temini de dahil olmak \u00fczere Kanun\u2019un 5. ve 6. maddelerinde belirtilen ki\u015fisel veri i\u015fleme \u015fartlar\u0131 ve ama\u00e7lar\u0131 \u00e7er\u00e7evesinde i\u015flenmektedir. Ki\u015fisel verilerin i\u015flenmesine ili\u015fkin detayl\u0131 bilgilere&nbsp;acharaka.com taraf\u0131ndan haz\u0131rlanan Ki\u015fisel Verilerin \u0130\u015flenmesi ve Korunmas\u0131na \u0130li\u015fkin Politika\u2019dan ula\u015f\u0131labilecektir.<\/p>\n\n\n\n<ol start=\"1\" class=\"wp-block-list\">\n<li><strong>M\u00fc\u015fterilerin A\u00e7\u0131k R\u0131zas\u0131 Do\u011frultusunda \u0130\u015flenecek Ki\u015fisel Veriler ve \u0130\u015fleme Ama\u00e7lar\u0131:<\/strong><\/li>\n<\/ol>\n\n\n\n<p>A\u00e7\u0131k r\u0131za do\u011frultusunda i\u015flenecek ki\u015fisel veriler ve i\u015fleme ama\u00e7lar\u0131&nbsp;R\u0131za Metni\u2019nde belirtilmi\u015ftir.<\/p>\n\n\n\n<ol start=\"1\" class=\"wp-block-list\">\n<li><strong>M\u00fc\u015fterilere Ait Ki\u015fisel Verilerin Aktar\u0131m\u0131:<\/strong><\/li>\n<\/ol>\n\n\n\n<p>M\u00fc\u015fterilere ait ki\u015fisel veriler, acharaka.com taraf\u0131ndan sunulan \u00fcr\u00fcn ve hizmetlerden ilgili ki\u015fileri faydaland\u0131rmak i\u00e7in gerekli \u00e7al\u0131\u015fmalar\u0131n i\u015f birimleri taraf\u0131ndan yap\u0131lmas\u0131 ve ilgili i\u015f s\u00fcre\u00e7lerinin y\u00fcr\u00fct\u00fclmesi, acharaka.com taraf\u0131ndan y\u00fcr\u00fct\u00fclen ticari faaliyetlerin ger\u00e7ekle\u015ftirilmesi i\u00e7in ilgili i\u015f birimleri taraf\u0131ndan gerekli \u00e7al\u0131\u015fmalar\u0131n yap\u0131lmas\u0131 ve buna ba\u011fl\u0131 i\u015f s\u00fcre\u00e7lerinin y\u00fcr\u00fct\u00fclmesi, acharaka.com\u2019un ticari ve\/veya i\u015f stratejilerinin planlanmas\u0131 ve icras\u0131, acharaka.com\u2019un ve acharaka.com ile i\u015f ili\u015fkisi i\u00e7erisinde olan ilgili ki\u015filerin hukuki, teknik ve ticari i\u015f g\u00fcvenli\u011finin temini i\u00e7in gerekli olan aktivitelerin planlanmas\u0131 ve icras\u0131 da dahil olmak \u00fczere Kanun\u2019un 8. ve 9. maddelerinde belirtilen ki\u015fisel veri i\u015fleme \u015fartlar\u0131 ve ama\u00e7lar\u0131 \u00e7er\u00e7evesinde \u015firket yetkilileri, i\u015ftiraklerimiz, i\u015f ortaklar\u0131m\u0131z, tedarik\u00e7ilerimiz, hissedarlar\u0131m\u0131z, kanunen yetkili kamu kurum ve kurulu\u015flar\u0131 ile \u00f6zel kurumlar ile payla\u015f\u0131labilecektir.<\/p>\n\n\n\n<ol start=\"1\" class=\"wp-block-list\">\n<li><strong>Ki\u015fisel Verilerin Toplanma Y\u00f6ntemi ve Hukuki Sebebi:<\/strong><\/li>\n<\/ol>\n\n\n\n<p>Ki\u015fisel veriler, m\u00fc\u015fterilerden elektronik ortamda toplanmaktad\u0131r. Yukar\u0131da belirtilen hukuki sebeplerle toplanan ki\u015fisel veriler Kanun\u2019un 5. ve 6. maddelerinde ve bu Ayd\u0131nlatma Metni ve a\u00e7\u0131k r\u0131za gerekli oldu\u011fu hallerde&nbsp;R\u0131za Metni\u2019nde belirtilen ama\u00e7larla i\u015flenebilmekte ve aktar\u0131labilmektedir.<\/p>\n\n\n\n<ol start=\"1\" class=\"wp-block-list\">\n<li><strong>Ki\u015fisel Veri Sahibi Olarak M\u00fc\u015fterilerin Haklar\u0131:<\/strong><\/li>\n<\/ol>\n\n\n\n<p>KVKK\u2019n\u0131n haklar\u0131n\u0131z\u0131 d\u00fczenleyen 11. maddesi kapsam\u0131ndaki taleplerinizi, Veri Sorumlusuna Ba\u015fvuru Usul ve Esaslar\u0131 Hakk\u0131nda Tebli\u011f\u2019e uygun olarak a\u015fa\u011f\u0131daki ileti\u015fim kanallar\u0131m\u0131z arac\u0131l\u0131\u011f\u0131yla bize iletebilir, bu s\u00fcre\u00e7te ba\u015fvurunuzun hukuka uygun olmas\u0131na destek olmak amac\u0131yla haz\u0131rlad\u0131\u011f\u0131m\u0131z \u015firket merkezinde, \u015fubelerinde ve internet sitemizde bulunan ba\u015fvuru formundan yararlanabilirsiniz.<\/p>\n\n\n\n<p>Veri sahibi olarak \u015eirketimize ba\u015fvurarak;<\/p>\n\n\n\n<ul class=\"wp-block-list\">\n<li>Ki\u015fisel verilerinizin i\u015flenip i\u015flenmedi\u011fini \u00f6\u011frenme,<\/li>\n\n\n\n<li>Ki\u015fisel verileriniz i\u015flenmi\u015fse buna ili\u015fkin bilgi talep etme,<\/li>\n\n\n\n<li>Ki\u015fisel verilerinizin i\u015flenme amac\u0131n\u0131 ve bunlar\u0131n amac\u0131na uygun kullan\u0131l\u0131p kullan\u0131lmad\u0131\u011f\u0131n\u0131 \u00f6\u011frenme,<\/li>\n\n\n\n<li>Yurt i\u00e7inde veya yurt d\u0131\u015f\u0131mda ki\u015fisel verilerinizin aktar\u0131ld\u0131\u011f\u0131 \u00fc\u00e7\u00fcnc\u00fc ki\u015fileri bilme,<\/li>\n\n\n\n<li>Ki\u015fisel verilerinizin eksik veya yanl\u0131\u015f islenmi\u015f olmas\u0131 halinde bunlar\u0131m d\u00fczeltilmesini isteme ve bu kapsamda yap\u0131lan i\u015flemlerin ki\u015fisel verilerinizin aktar\u0131ld\u0131\u011f\u0131 \u00fc\u00e7\u00fcnc\u00fc ki\u015filere bildirilmesini isteme,<\/li>\n\n\n\n<li>\u0130\u015flenmesini gerektiren sebeplerin ortadan kakmas\u0131 halinde ki\u015fisel verilerinizin silinmesini veya yok edilmesini isteme ve bu kapsamda yap\u0131lan i\u015flemlerin ki\u015fisel verilerinizin aktar\u0131ld\u0131\u011f\u0131 \u00fc\u00e7\u00fcnc\u00fc ki\u015filere bildirilmesini isteme,<\/li>\n\n\n\n<li>\u0130\u015flenen verilerinizin m\u00fcnhas\u0131ran otomatik sistemler vas\u0131tas\u0131yla analiz edilmesi suretiyle aleyhinize bir sonucun ortaya \u00e7\u0131kmas\u0131na itiraz etme,<\/li>\n\n\n\n<li>Kanunu&#8217; un 7. maddesinde yer alan \u015fartlar \u00e7er\u00e7evesinde ki\u015fisel verilerin silinmesini ya da yok edilmesini isteme, yap\u0131lan d\u00fczeltme, silme ya da yok etme i\u015flemlerinin ki\u015fisel verilerin payla\u015f\u0131ld\u0131\u011f\u0131 \u00fc\u00e7\u00fcnc\u00fc ki\u015filere bildirilmesini talep etme,<\/li>\n\n\n\n<li>Ki\u015fisel verilerinizin kanuna ayk\u0131r\u0131 olarak i\u015flenmesi sebebiyle zarara u\u011framan\u0131z halinde zarar\u0131n giderilmesini talep etme haklar\u0131na sahipsiniz.<\/li>\n<\/ul>\n\n\n\n<p>Yukar\u0131da say\u0131lan haklar\u0131n\u0131za ili\u015fkin taleplerinizi Veri Sorumlusuna Ba\u015fvuru Usul ve Esaslar\u0131 Hakk\u0131nda Tebli\u011f&#8217;de \u00f6ng\u00f6r\u00fclen ba\u015fvuru usullerine uygun olarak \u015firketimize iletmeniz durumunda \u015firketimiz talebinizin niteli\u011fine g\u00f6re en k\u0131sa s\u00fcrede ve en ge\u00e7 30 (otuz) g\u00fcn i\u00e7inde \u00fccretsiz olarak sonu\u00e7land\u0131racakt\u0131r. Ancak, i\u015flemin ayr\u0131ca bir maliyeti gerektirmesi halinde, \u015firketimiz Ki\u015fisel Verileri Koruma Kurulunca belirlenen tarifedeki \u00fccreti talep edebilecektir.<\/p>\n\n\n\n<p><strong>K\u0130\u015e\u0130SEL VER\u0130LER\u0130N \u0130\u015eLENMES\u0130NE \u0130L\u0130\u015eK\u0130N<br>RIZA METN\u0130<\/strong><\/p>\n\n\n\n<p>\u015eirketimiz (\u201cacharaka.com\u201d ve\/veya \u201c\u015eirket\u201d), m\u00fc\u015fterilere ili\u015fkin ki\u015fisel veriler bak\u0131m\u0131ndan 6698 say\u0131l\u0131 Ki\u015fisel Verilerin Korunmas\u0131 Kanunu (\u201cKanun\u201d) kapsam\u0131nda \u201cveri sorumlusu\u201d s\u0131fat\u0131na sahip olup i\u015fbu R\u0131za Metni ile s\u00f6z konusu Kanun uyar\u0131nca m\u00fc\u015fterilerin acharaka.com taraf\u0131ndan ger\u00e7ekle\u015ftirilen ve a\u015fa\u011f\u0131da belirtilen ki\u015fisel veri i\u015fleme faaliyetlerine ili\u015fkin a\u00e7\u0131k r\u0131zalar\u0131n\u0131n temini hedeflenmektedir.<\/p>\n\n\n\n<p>Kanun\u2019un 5\/2 ile 6\/3 maddesinde yer alan ki\u015fisel veri i\u015fleme \u015fartlar\u0131n\u0131n kar\u015f\u0131lanamad\u0131\u011f\u0131 a\u015fa\u011f\u0131daki durumlar i\u00e7in acharaka.com taraf\u0131ndan ki\u015fisel verilerin i\u015flenebilmesi i\u00e7in m\u00fc\u015fterilerin a\u00e7\u0131k r\u0131zas\u0131n\u0131n al\u0131nmas\u0131 gerekmektedir. A\u00e7\u0131k r\u0131za gerektirmeyen s\u00fcre\u00e7lere ili\u015fkin olarak&nbsp;Ayd\u0131nlatma Metni&nbsp;kapsam\u0131nda veri i\u015fleme faaliyetleri s\u00fcrd\u00fcr\u00fclmekte olup a\u00e7\u0131k r\u0131za gerektiren s\u00fcre\u00e7lerde de&nbsp;Ayd\u0131nlatma Metni\u2019nde belirtilen temel prensiplere uygun veri i\u015flenmektedir.<\/p>\n\n\n\n<p>Bu kapsamda m\u00fc\u015fterilerin ki\u015fisel verileri acharaka.com taraf\u0131ndan haz\u0131rlanan Ki\u015fisel Verilerin \u0130\u015flenmesi ve Korunmas\u0131na \u0130li\u015fkin Politika\u2018da belirtilen ama\u00e7larla ve buradaki usule uygun olarak i\u015flenmektedir. Buna g\u00f6re ki\u015fisel veriler; m\u00fc\u015fterilere y\u00f6nelik kampanyalar\u0131n olu\u015fturulmas\u0131, acharaka.com i\u015f ortaklar\u0131 taraf\u0131ndan acharaka.com m\u00fc\u015fterilerine acharaka.com&#8217;da kullanabilecekleri \u00f6zel f\u0131rsatlar\u0131n sunulmas\u0131, \u00e7apraz sat\u0131\u015f yap\u0131lmas\u0131, hedef kitle belirlenmesi, M\u00fc\u015fteri hareketlerinin takip edilerek kullan\u0131c\u0131 deneyimini artt\u0131r\u0131c\u0131 faaliyetlerin y\u00fcr\u00fct\u00fclmesi, acharaka.com\u2019a ait internet sitesi ile mobil uygulaman\u0131n i\u015fleyi\u015finin geli\u015ftirilmesi ve M\u00fc\u015fteri ihtiya\u00e7lar\u0131na g\u00f6re ki\u015fiselle\u015ftirilmesi, do\u011frudan ve do\u011frudan olmayan pazarlama, ki\u015fiye \u00f6zel pazarlama ve yeniden pazarlama faaliyetlerinin y\u00fcr\u00fct\u00fclmesi, ki\u015fiye \u00f6zel segmentasyon, hedefleme, analiz ve \u015firket i\u00e7i raporlama faaliyetlerinin y\u00fcr\u00fct\u00fclmesi, pazar ara\u015ft\u0131rmalar\u0131, m\u00fc\u015fteri memnuniyeti aktivitelerinin planlanmas\u0131 ve icras\u0131, acharaka.com\u2019n\u0131n sundu\u011fu \u00fcr\u00fcn ve hizmetlerin ilgili ki\u015filerin be\u011feni, kullan\u0131m al\u0131\u015fkanl\u0131klar\u0131 ve ihtiya\u00e7lar\u0131na g\u00f6re \u00f6zelle\u015ftirilerek ilgili ki\u015filere \u00f6nerilmesi ve tan\u0131t\u0131lmas\u0131 ile m\u00fc\u015fteri ili\u015fkileri y\u00f6netimi s\u00fcre\u00e7lerinin planlanmas\u0131 ve icras\u0131 ama\u00e7lar\u0131 da dahil olmak \u00fczere genel anlamda acharaka.com\u2019un \u00fcr\u00fcn ve\/veya hizmetlerinin sat\u0131\u015f ve pazarlama s\u00fcre\u00e7lerinin planlanmas\u0131 ve icras\u0131, acharaka.com\u2019un sundu\u011fu \u00fcr\u00fcn ve\/veya hizmetlere ba\u011fl\u0131l\u0131k olu\u015fturulmas\u0131 ve\/veya artt\u0131r\u0131lmas\u0131 s\u00fcre\u00e7lerinin planlanmas\u0131 ve icras\u0131 kapsam\u0131nda M\u00fc\u015fteri\u2019nin verece\u011fi onay\u0131 do\u011frultusunda i\u015flenebilecek ve bu ama\u00e7lara y\u00f6nelik olarak&nbsp;Ayd\u0131nlatma Metni\u2019nde belirtilen taraflarla payla\u015f\u0131labilecektir.<\/p>\n","protected":false},"excerpt":{"rendered":"<p>K\u0130\u015e\u0130SEL VER\u0130LER\u0130N \u0130\u015eLENMES\u0130NE \u0130L\u0130\u015eK\u0130N AYDINLATMA METN\u0130 \u015eirketimiz Acharaka.com &#8211; Mehmet \u00c7akmako\u011flu&nbsp;&nbsp;(\u201cacharaka.com\u201d ve\/veya \u201c\u015eirket\u201d), m\u00fc\u015fterilere ili\u015fkin ki\u015fisel veriler bak\u0131m\u0131ndan 6698 say\u0131l\u0131 Ki\u015fisel Verilerin Korunmas\u0131 Kanunu (\u201cKanun\u201d) kapsam\u0131nda \u201cveri sorumlusu\u201d s\u0131fat\u0131na sahip olup i\u015fbu Ayd\u0131nlatma Metni ile s\u00f6z konusu Kanun uyar\u0131nca m\u00fc\u015fterilerin acharaka.com taraf\u0131ndan ger\u00e7ekle\u015ftirilen ki\u015fisel veri i\u015fleme faaliyetleri hakk\u0131nda ayd\u0131nlat\u0131lmas\u0131 hedeflenmektedir. M\u00fc\u015fterilere ait ki\u015fisel veriler, acharaka.com&#8230;<\/p>\n","protected":false},"author":1,"featured_media":0,"parent":0,"menu_order":0,"comment_status":"closed","ping_status":"closed","template":"","meta":{"postBodyCss":"","postBodyMargin":[],"postBodyPadding":[],"postBodyBackground":{"backgroundType":"classic","gradient":""},"_kad_post_transparent":"","_kad_post_title":"","_kad_post_layout":"","_kad_post_sidebar_id":"","_kad_post_content_style":"","_kad_post_vertical_padding":"","_kad_post_feature":"","_kad_post_feature_position":"","_kad_post_header":false,"_kad_post_footer":false,"_kad_post_classname":"","footnotes":""},"class_list":["post-536","page","type-page","status-publish","hentry"],"_links":{"self":[{"href":"https:\/\/acharaka.com.tr\/index.php\/wp-json\/wp\/v2\/pages\/536","targetHints":{"allow":["GET"]}}],"collection":[{"href":"https:\/\/acharaka.com.tr\/index.php\/wp-json\/wp\/v2\/pages"}],"about":[{"href":"https:\/\/acharaka.com.tr\/index.php\/wp-json\/wp\/v2\/types\/page"}],"author":[{"embeddable":true,"href":"https:\/\/acharaka.com.tr\/index.php\/wp-json\/wp\/v2\/users\/1"}],"replies":[{"embeddable":true,"href":"https:\/\/acharaka.com.tr\/index.php\/wp-json\/wp\/v2\/comments?post=536"}],"version-history":[{"count":1,"href":"https:\/\/acharaka.com.tr\/index.php\/wp-json\/wp\/v2\/pages\/536\/revisions"}],"predecessor-version":[{"id":537,"href":"https:\/\/acharaka.com.tr\/index.php\/wp-json\/wp\/v2\/pages\/536\/revisions\/537"}],"wp:attachment":[{"href":"https:\/\/acharaka.com.tr\/index.php\/wp-json\/wp\/v2\/media?parent=536"}],"curies":[{"name":"wp","href":"https:\/\/api.w.org\/{rel}","templated":true}]}}