{"id":43,"date":"2024-11-10T19:48:44","date_gmt":"2024-11-10T19:48:44","guid":{"rendered":"https:\/\/acharaka.com.tr\/index.php\/sepet\/"},"modified":"2024-12-14T14:46:31","modified_gmt":"2024-12-14T14:46:31","slug":"sepet","status":"publish","type":"page","link":"https:\/\/acharaka.com.tr\/index.php\/sepet\/","title":{"rendered":"Sepet"},"content":{"rendered":"\n<div data-block-name=\"woocommerce\/cart\" class=\"wp-block-woocommerce-cart alignwide is-loading\">\n<div data-block-name=\"woocommerce\/filled-cart-block\" class=\"wp-block-woocommerce-filled-cart-block\">\n<div data-block-name=\"woocommerce\/cart-items-block\" class=\"wp-block-woocommerce-cart-items-block\">\n<div data-block-name=\"woocommerce\/cart-line-items-block\" class=\"wp-block-woocommerce-cart-line-items-block\"><\/div>\n\n\n\n<div data-block-name=\"woocommerce\/cart-cross-sells-block\" class=\"wp-block-woocommerce-cart-cross-sells-block\">\n<h2 class=\"wp-block-heading has-large-font-size\">\u0130lginizi \u00e7ekebilir\u2026<\/h2>\n\n\n\n<div data-block-name=\"woocommerce\/cart-cross-sells-products-block\" class=\"wp-block-woocommerce-cart-cross-sells-products-block\"><\/div>\n<\/div>\n<\/div>\n\n\n\n<div data-block-name=\"woocommerce\/cart-totals-block\" class=\"wp-block-woocommerce-cart-totals-block\">\n<div data-block-name=\"woocommerce\/cart-order-summary-block\" class=\"wp-block-woocommerce-cart-order-summary-block\">\n<div data-block-name=\"woocommerce\/cart-order-summary-heading-block\" class=\"wp-block-woocommerce-cart-order-summary-heading-block\"><\/div><div data-block-name=\"woocommerce\/cart-order-summary-coupon-form-block\" class=\"wp-block-woocommerce-cart-order-summary-coupon-form-block\"><\/div><div data-block-name=\"woocommerce\/cart-order-summary-totals-block\" class=\"wp-block-woocommerce-cart-order-summary-totals-block\">\n<div data-block-name=\"woocommerce\/cart-order-summary-subtotal-block\" class=\"wp-block-woocommerce-cart-order-summary-subtotal-block\"><\/div>\n<div data-block-name=\"woocommerce\/cart-order-summary-discount-block\" class=\"wp-block-woocommerce-cart-order-summary-discount-block\"><\/div>\n<div data-block-name=\"woocommerce\/cart-order-summary-fee-block\" class=\"wp-block-woocommerce-cart-order-summary-fee-block\"><\/div>\n<div data-block-name=\"woocommerce\/cart-order-summary-shipping-block\" class=\"wp-block-woocommerce-cart-order-summary-shipping-block\"><\/div>\n<div data-block-name=\"woocommerce\/cart-order-summary-taxes-block\" class=\"wp-block-woocommerce-cart-order-summary-taxes-block\"><\/div><\/div>\n<\/div>\n\n\n\n<div data-block-name=\"woocommerce\/cart-express-payment-block\" class=\"wp-block-woocommerce-cart-express-payment-block\"><\/div>\n\n\n\n<div data-block-name=\"woocommerce\/proceed-to-checkout-block\" class=\"wp-block-woocommerce-proceed-to-checkout-block\"><\/div>\n\n\n\n<div data-block-name=\"woocommerce\/cart-accepted-payment-methods-block\" class=\"wp-block-woocommerce-cart-accepted-payment-methods-block\"><\/div>\n<\/div>\n<\/div>\n\n\n\n<div data-block-name=\"woocommerce\/empty-cart-block\" class=\"wp-block-woocommerce-empty-cart-block\">\n<h2 class=\"wp-block-heading has-text-align-center with-empty-cart-icon wc-block-cart__empty-cart__title\">Sepetiniz \u015fu anda bo\u015f!<\/h2>\n\n\n\n<hr class=\"wp-block-separator has-alpha-channel-opacity is-style-dots\"\/>\n\n\n\n<h2 class=\"wp-block-heading has-text-align-center\">Ma\u011fazada yeni<\/h2>\n\n\n<div data-block-name=\"woocommerce\/product-new\" data-columns=\"4\" data-rows=\"1\" class=\"wc-block-grid wp-block-product-new wp-block-woocommerce-product-new wc-block-product-new has-4-columns\"><ul class=\"wc-block-grid__products\"><li class=\"wc-block-grid__product entry loop-entry content-bg woo-archive-action-on-hover woo-archive-btn-button product-loop-unboxed woo-archive-image-hover-flip\"><a href=\"https:\/\/acharaka.com.tr\/index.php\/urun\/mertsan-takma-uclu-matkap-2-d-u-drill-030-2d-30mm-takim-capi-vcmx5-kesici-uc-1-adet\/\" class=\"wc-block-grid__product-link woocommerce-loop-image-link woocommerce-LoopProduct-link woocommerce-loop-product__link product-has-hover-image\">\n\t\t\t\t\t<img fetchpriority=\"high\" decoding=\"async\" width=\"300\" height=\"300\" src=\"https:\/\/acharaka.com.tr\/wp-content\/uploads\/2024\/12\/UM65-74-1-300x300.jpg\" class=\"attachment-woocommerce_thumbnail size-woocommerce_thumbnail\" alt=\"Mertsan Takma U\u00e7lu Matkap 2-D U-Drill 030-2D - 30mm Tak\u0131m \u00c7ap\u0131, VCMX5 Kesici U\u00e7 - 1 Adet\" srcset=\"https:\/\/acharaka.com.tr\/wp-content\/uploads\/2024\/12\/UM65-74-1-300x300.jpg 300w, https:\/\/acharaka.com.tr\/wp-content\/uploads\/2024\/12\/UM65-74-1-100x100.jpg 100w, https:\/\/acharaka.com.tr\/wp-content\/uploads\/2024\/12\/UM65-74-1-600x600.jpg 600w, https:\/\/acharaka.com.tr\/wp-content\/uploads\/2024\/12\/UM65-74-1-1024x1024.jpg 1024w, https:\/\/acharaka.com.tr\/wp-content\/uploads\/2024\/12\/UM65-74-1-150x150.jpg 150w, https:\/\/acharaka.com.tr\/wp-content\/uploads\/2024\/12\/UM65-74-1-768x768.jpg 768w, https:\/\/acharaka.com.tr\/wp-content\/uploads\/2024\/12\/UM65-74-1-650x650.jpg 650w, https:\/\/acharaka.com.tr\/wp-content\/uploads\/2024\/12\/UM65-74-1-1300x1300.jpg 1300w, https:\/\/acharaka.com.tr\/wp-content\/uploads\/2024\/12\/UM65-74-1.jpg 1500w\" sizes=\"(max-width: 300px) 100vw, 300px\" \/>\n\t\t\t\t\t<img decoding=\"async\" width=\"300\" height=\"300\" src=\"https:\/\/acharaka.com.tr\/wp-content\/uploads\/2024\/12\/UM65-74-4-300x300.jpg\" class=\"secondary-product-image attachment-woocommerce_thumbnail attachment-shop-catalog wp-post-image wp-post-image--secondary\" alt=\"\" srcset=\"https:\/\/acharaka.com.tr\/wp-content\/uploads\/2024\/12\/UM65-74-4-300x300.jpg 300w, https:\/\/acharaka.com.tr\/wp-content\/uploads\/2024\/12\/UM65-74-4-100x100.jpg 100w, https:\/\/acharaka.com.tr\/wp-content\/uploads\/2024\/12\/UM65-74-4-600x600.jpg 600w, https:\/\/acharaka.com.tr\/wp-content\/uploads\/2024\/12\/UM65-74-4-1024x1024.jpg 1024w, https:\/\/acharaka.com.tr\/wp-content\/uploads\/2024\/12\/UM65-74-4-150x150.jpg 150w, https:\/\/acharaka.com.tr\/wp-content\/uploads\/2024\/12\/UM65-74-4-768x768.jpg 768w, https:\/\/acharaka.com.tr\/wp-content\/uploads\/2024\/12\/UM65-74-4-650x650.jpg 650w, https:\/\/acharaka.com.tr\/wp-content\/uploads\/2024\/12\/UM65-74-4-1300x1300.jpg 1300w, https:\/\/acharaka.com.tr\/wp-content\/uploads\/2024\/12\/UM65-74-4.jpg 1500w\" sizes=\"(max-width: 300px) 100vw, 300px\" \/>\n\t\t\t\t<\/a><div class=\"wc-block-grid__product-onsale\">\n\t\t\t<span aria-hidden=\"true\">\u0130ndirim<\/span>\n\t\t\t<span class=\"screen-reader-text\">\u0130ndirimdeki \u00fcr\u00fcn<\/span>\n\t\t<\/div>\n\t\t\t\t<div class=\"product-details content-bg entry-content-wrap\">\n\t\t\t\t\t<a href=\"https:\/\/acharaka.com.tr\/index.php\/urun\/mertsan-takma-uclu-matkap-2-d-u-drill-030-2d-30mm-takim-capi-vcmx5-kesici-uc-1-adet\/\" class=\"wc-block-grid__product-title-link\">\n\t\t\t\t\t\t<div class=\"wc-block-grid__product-title\">Mertsan Takma U\u00e7lu Matkap 2-D U-Drill 030-2D &#8211; 30mm Tak\u0131m \u00c7ap\u0131, VCMX5 Kesici U\u00e7 &#8211; 1 Adet<\/div>\n\t\t\t\t\t<\/a>\n\t\t\t\t\t\n\t\t\t\t\t<div class=\"wc-block-grid__product-price price\"><del aria-hidden=\"true\"><span class=\"woocommerce-Price-amount amount\">2.317,00<span class=\"woocommerce-Price-currencySymbol\">&#8378;<\/span><\/span><\/del> <span class=\"screen-reader-text\">Orijinal fiyat: 2.317,00&#8378;.<\/span><ins aria-hidden=\"true\"><span class=\"woocommerce-Price-amount amount\">2.199,00<span class=\"woocommerce-Price-currencySymbol\">&#8378;<\/span><\/span><\/ins><span class=\"screen-reader-text\">\u015eu andaki fiyat: 2.199,00&#8378;.<\/span> <small class=\"woocommerce-price-suffix\">Kdv Dahil<\/small><\/div>\n\t\t\t\t\t<div class=\"wp-block-button wc-block-grid__product-add-to-cart\"><a href=\"\/index.php\/wp-json\/wp\/v2\/pages\/43?add-to-cart=668\" aria-label=\"Sepete ekle: \u201cMertsan Takma U\u00e7lu Matkap 2-D U-Drill 030-2D - 30mm Tak\u0131m \u00c7ap\u0131, VCMX5 Kesici U\u00e7 - 1 Adet\u201d\" data-quantity=\"1\" data-product_id=\"668\" data-product_sku=\"UM-64\" rel=\"nofollow\" class=\"wp-block-button__link add_to_cart_button ajax_add_to_cart\">Sepete Ekle<span class=\"kadence-svg-iconset svg-baseline\"><svg class=\"kadence-svg-icon kadence-spinner-svg\" fill=\"currentColor\" version=\"1.1\" xmlns=\"http:\/\/www.w3.org\/2000\/svg\" width=\"16\" height=\"16\" viewBox=\"0 0 16 16\"><title>Loading<\/title><path d=\"M16 6h-6l2.243-2.243c-1.133-1.133-2.64-1.757-4.243-1.757s-3.109 0.624-4.243 1.757c-1.133 1.133-1.757 2.64-1.757 4.243s0.624 3.109 1.757 4.243c1.133 1.133 2.64 1.757 4.243 1.757s3.109-0.624 4.243-1.757c0.095-0.095 0.185-0.192 0.273-0.292l1.505 1.317c-1.466 1.674-3.62 2.732-6.020 2.732-4.418 0-8-3.582-8-8s3.582-8 8-8c2.209 0 4.209 0.896 5.656 2.344l2.343-2.344v6z\"><\/path>\n\t\t\t\t<\/svg><\/span><span class=\"kadence-svg-iconset svg-baseline\"><svg class=\"kadence-svg-icon kadence-check-svg\" fill=\"currentColor\" version=\"1.1\" xmlns=\"http:\/\/www.w3.org\/2000\/svg\" width=\"16\" height=\"16\" viewBox=\"0 0 16 16\"><title>Done<\/title><path d=\"M14 2.5l-8.5 8.5-3.5-3.5-1.5 1.5 5 5 10-10z\"><\/path>\n\t\t\t\t<\/svg><\/span><\/a><\/div>\n\t\t\t\t<\/div>\n\t\t\t<\/li><li class=\"wc-block-grid__product entry loop-entry content-bg woo-archive-action-on-hover woo-archive-btn-button product-loop-unboxed woo-archive-image-hover-flip\"><a href=\"https:\/\/acharaka.com.tr\/index.php\/urun\/mertsan-takma-uclu-matkap-2-d-u-drill-029-2d-29mm-takim-capi-vcmx5-kesici-uc-1-adet\/\" class=\"wc-block-grid__product-link woocommerce-loop-image-link woocommerce-LoopProduct-link woocommerce-loop-product__link product-has-hover-image\">\n\t\t\t\t\t<img decoding=\"async\" width=\"300\" height=\"300\" src=\"https:\/\/acharaka.com.tr\/wp-content\/uploads\/2024\/12\/UM65-74-1-300x300.jpg\" class=\"attachment-woocommerce_thumbnail size-woocommerce_thumbnail\" alt=\"Mertsan Takma U\u00e7lu Matkap 2-D U-Drill 029-2D - 29mm Tak\u0131m \u00c7ap\u0131, VCMX5 Kesici U\u00e7 - 1 Adet\" srcset=\"https:\/\/acharaka.com.tr\/wp-content\/uploads\/2024\/12\/UM65-74-1-300x300.jpg 300w, https:\/\/acharaka.com.tr\/wp-content\/uploads\/2024\/12\/UM65-74-1-100x100.jpg 100w, https:\/\/acharaka.com.tr\/wp-content\/uploads\/2024\/12\/UM65-74-1-600x600.jpg 600w, https:\/\/acharaka.com.tr\/wp-content\/uploads\/2024\/12\/UM65-74-1-1024x1024.jpg 1024w, https:\/\/acharaka.com.tr\/wp-content\/uploads\/2024\/12\/UM65-74-1-150x150.jpg 150w, https:\/\/acharaka.com.tr\/wp-content\/uploads\/2024\/12\/UM65-74-1-768x768.jpg 768w, https:\/\/acharaka.com.tr\/wp-content\/uploads\/2024\/12\/UM65-74-1-650x650.jpg 650w, https:\/\/acharaka.com.tr\/wp-content\/uploads\/2024\/12\/UM65-74-1-1300x1300.jpg 1300w, https:\/\/acharaka.com.tr\/wp-content\/uploads\/2024\/12\/UM65-74-1.jpg 1500w\" sizes=\"(max-width: 300px) 100vw, 300px\" \/>\n\t\t\t\t\t<img decoding=\"async\" width=\"300\" height=\"300\" src=\"https:\/\/acharaka.com.tr\/wp-content\/uploads\/2024\/12\/UM65-74-4-300x300.jpg\" class=\"secondary-product-image attachment-woocommerce_thumbnail attachment-shop-catalog wp-post-image wp-post-image--secondary\" alt=\"\" srcset=\"https:\/\/acharaka.com.tr\/wp-content\/uploads\/2024\/12\/UM65-74-4-300x300.jpg 300w, https:\/\/acharaka.com.tr\/wp-content\/uploads\/2024\/12\/UM65-74-4-100x100.jpg 100w, https:\/\/acharaka.com.tr\/wp-content\/uploads\/2024\/12\/UM65-74-4-600x600.jpg 600w, https:\/\/acharaka.com.tr\/wp-content\/uploads\/2024\/12\/UM65-74-4-1024x1024.jpg 1024w, https:\/\/acharaka.com.tr\/wp-content\/uploads\/2024\/12\/UM65-74-4-150x150.jpg 150w, https:\/\/acharaka.com.tr\/wp-content\/uploads\/2024\/12\/UM65-74-4-768x768.jpg 768w, https:\/\/acharaka.com.tr\/wp-content\/uploads\/2024\/12\/UM65-74-4-650x650.jpg 650w, https:\/\/acharaka.com.tr\/wp-content\/uploads\/2024\/12\/UM65-74-4-1300x1300.jpg 1300w, https:\/\/acharaka.com.tr\/wp-content\/uploads\/2024\/12\/UM65-74-4.jpg 1500w\" sizes=\"(max-width: 300px) 100vw, 300px\" \/>\n\t\t\t\t<\/a>\n\t\t\t\t<div class=\"product-details content-bg entry-content-wrap\">\n\t\t\t\t\t<a href=\"https:\/\/acharaka.com.tr\/index.php\/urun\/mertsan-takma-uclu-matkap-2-d-u-drill-029-2d-29mm-takim-capi-vcmx5-kesici-uc-1-adet\/\" class=\"wc-block-grid__product-title-link\">\n\t\t\t\t\t\t<div class=\"wc-block-grid__product-title\">Mertsan Takma U\u00e7lu Matkap 2-D U-Drill 029-2D &#8211; 29mm Tak\u0131m \u00c7ap\u0131, VCMX5 Kesici U\u00e7 &#8211; 1 Adet<\/div>\n\t\t\t\t\t<\/a>\n\t\t\t\t\t\n\t\t\t\t\t<div class=\"wc-block-grid__product-price price\"><span class=\"woocommerce-Price-amount amount\">2.058,00<span class=\"woocommerce-Price-currencySymbol\">&#8378;<\/span><\/span> <small class=\"woocommerce-price-suffix\">Kdv Dahil<\/small><\/div>\n\t\t\t\t\t<div class=\"wp-block-button wc-block-grid__product-add-to-cart\"><a href=\"\/index.php\/wp-json\/wp\/v2\/pages\/43?add-to-cart=667\" aria-label=\"Sepete ekle: \u201cMertsan Takma U\u00e7lu Matkap 2-D U-Drill 029-2D - 29mm Tak\u0131m \u00c7ap\u0131, VCMX5 Kesici U\u00e7 - 1 Adet\u201d\" data-quantity=\"1\" data-product_id=\"667\" data-product_sku=\"UM-63\" rel=\"nofollow\" class=\"wp-block-button__link add_to_cart_button ajax_add_to_cart\">Sepete Ekle<span class=\"kadence-svg-iconset svg-baseline\"><svg class=\"kadence-svg-icon kadence-spinner-svg\" fill=\"currentColor\" version=\"1.1\" xmlns=\"http:\/\/www.w3.org\/2000\/svg\" width=\"16\" height=\"16\" viewBox=\"0 0 16 16\"><title>Loading<\/title><path d=\"M16 6h-6l2.243-2.243c-1.133-1.133-2.64-1.757-4.243-1.757s-3.109 0.624-4.243 1.757c-1.133 1.133-1.757 2.64-1.757 4.243s0.624 3.109 1.757 4.243c1.133 1.133 2.64 1.757 4.243 1.757s3.109-0.624 4.243-1.757c0.095-0.095 0.185-0.192 0.273-0.292l1.505 1.317c-1.466 1.674-3.62 2.732-6.020 2.732-4.418 0-8-3.582-8-8s3.582-8 8-8c2.209 0 4.209 0.896 5.656 2.344l2.343-2.344v6z\"><\/path>\n\t\t\t\t<\/svg><\/span><span class=\"kadence-svg-iconset svg-baseline\"><svg class=\"kadence-svg-icon kadence-check-svg\" fill=\"currentColor\" version=\"1.1\" xmlns=\"http:\/\/www.w3.org\/2000\/svg\" width=\"16\" height=\"16\" viewBox=\"0 0 16 16\"><title>Done<\/title><path d=\"M14 2.5l-8.5 8.5-3.5-3.5-1.5 1.5 5 5 10-10z\"><\/path>\n\t\t\t\t<\/svg><\/span><\/a><\/div>\n\t\t\t\t<\/div>\n\t\t\t<\/li><li class=\"wc-block-grid__product entry loop-entry content-bg woo-archive-action-on-hover woo-archive-btn-button product-loop-unboxed woo-archive-image-hover-flip\"><a href=\"https:\/\/acharaka.com.tr\/index.php\/urun\/mertsan-takma-uclu-matkap-2-d-u-drill-028-2d-28mm-takim-capi-vcmx5-kesici-uc-1-adet\/\" class=\"wc-block-grid__product-link woocommerce-loop-image-link woocommerce-LoopProduct-link woocommerce-loop-product__link product-has-hover-image\">\n\t\t\t\t\t<img loading=\"lazy\" decoding=\"async\" width=\"300\" height=\"300\" src=\"https:\/\/acharaka.com.tr\/wp-content\/uploads\/2024\/12\/UM65-74-1-300x300.jpg\" class=\"attachment-woocommerce_thumbnail size-woocommerce_thumbnail\" alt=\"Mertsan Takma U\u00e7lu Matkap 2-D U-Drill 028-2D - 28mm Tak\u0131m \u00c7ap\u0131, VCMX5 Kesici U\u00e7 - 1 Adet\" srcset=\"https:\/\/acharaka.com.tr\/wp-content\/uploads\/2024\/12\/UM65-74-1-300x300.jpg 300w, https:\/\/acharaka.com.tr\/wp-content\/uploads\/2024\/12\/UM65-74-1-100x100.jpg 100w, https:\/\/acharaka.com.tr\/wp-content\/uploads\/2024\/12\/UM65-74-1-600x600.jpg 600w, https:\/\/acharaka.com.tr\/wp-content\/uploads\/2024\/12\/UM65-74-1-1024x1024.jpg 1024w, https:\/\/acharaka.com.tr\/wp-content\/uploads\/2024\/12\/UM65-74-1-150x150.jpg 150w, https:\/\/acharaka.com.tr\/wp-content\/uploads\/2024\/12\/UM65-74-1-768x768.jpg 768w, https:\/\/acharaka.com.tr\/wp-content\/uploads\/2024\/12\/UM65-74-1-650x650.jpg 650w, https:\/\/acharaka.com.tr\/wp-content\/uploads\/2024\/12\/UM65-74-1-1300x1300.jpg 1300w, https:\/\/acharaka.com.tr\/wp-content\/uploads\/2024\/12\/UM65-74-1.jpg 1500w\" sizes=\"(max-width: 300px) 100vw, 300px\" \/>\n\t\t\t\t\t<img decoding=\"async\" width=\"300\" height=\"300\" src=\"https:\/\/acharaka.com.tr\/wp-content\/uploads\/2024\/12\/UM65-74-4-300x300.jpg\" class=\"secondary-product-image attachment-woocommerce_thumbnail attachment-shop-catalog wp-post-image wp-post-image--secondary\" alt=\"\" srcset=\"https:\/\/acharaka.com.tr\/wp-content\/uploads\/2024\/12\/UM65-74-4-300x300.jpg 300w, https:\/\/acharaka.com.tr\/wp-content\/uploads\/2024\/12\/UM65-74-4-100x100.jpg 100w, https:\/\/acharaka.com.tr\/wp-content\/uploads\/2024\/12\/UM65-74-4-600x600.jpg 600w, https:\/\/acharaka.com.tr\/wp-content\/uploads\/2024\/12\/UM65-74-4-1024x1024.jpg 1024w, https:\/\/acharaka.com.tr\/wp-content\/uploads\/2024\/12\/UM65-74-4-150x150.jpg 150w, https:\/\/acharaka.com.tr\/wp-content\/uploads\/2024\/12\/UM65-74-4-768x768.jpg 768w, https:\/\/acharaka.com.tr\/wp-content\/uploads\/2024\/12\/UM65-74-4-650x650.jpg 650w, https:\/\/acharaka.com.tr\/wp-content\/uploads\/2024\/12\/UM65-74-4-1300x1300.jpg 1300w, https:\/\/acharaka.com.tr\/wp-content\/uploads\/2024\/12\/UM65-74-4.jpg 1500w\" sizes=\"(max-width: 300px) 100vw, 300px\" \/>\n\t\t\t\t<\/a>\n\t\t\t\t<div class=\"product-details content-bg entry-content-wrap\">\n\t\t\t\t\t<a href=\"https:\/\/acharaka.com.tr\/index.php\/urun\/mertsan-takma-uclu-matkap-2-d-u-drill-028-2d-28mm-takim-capi-vcmx5-kesici-uc-1-adet\/\" class=\"wc-block-grid__product-title-link\">\n\t\t\t\t\t\t<div class=\"wc-block-grid__product-title\">Mertsan Takma U\u00e7lu Matkap 2-D U-Drill 028-2D &#8211; 28mm Tak\u0131m \u00c7ap\u0131, VCMX5 Kesici U\u00e7 &#8211; 1 Adet<\/div>\n\t\t\t\t\t<\/a>\n\t\t\t\t\t\n\t\t\t\t\t<div class=\"wc-block-grid__product-price price\"><span class=\"woocommerce-Price-amount amount\">2.058,00<span class=\"woocommerce-Price-currencySymbol\">&#8378;<\/span><\/span> <small class=\"woocommerce-price-suffix\">Kdv Dahil<\/small><\/div>\n\t\t\t\t\t<div class=\"wp-block-button wc-block-grid__product-add-to-cart\"><a href=\"\/index.php\/wp-json\/wp\/v2\/pages\/43?add-to-cart=666\" aria-label=\"Sepete ekle: \u201cMertsan Takma U\u00e7lu Matkap 2-D U-Drill 028-2D - 28mm Tak\u0131m \u00c7ap\u0131, VCMX5 Kesici U\u00e7 - 1 Adet\u201d\" data-quantity=\"1\" data-product_id=\"666\" data-product_sku=\"UM-62\" rel=\"nofollow\" class=\"wp-block-button__link add_to_cart_button ajax_add_to_cart\">Sepete Ekle<span class=\"kadence-svg-iconset svg-baseline\"><svg class=\"kadence-svg-icon kadence-spinner-svg\" fill=\"currentColor\" version=\"1.1\" xmlns=\"http:\/\/www.w3.org\/2000\/svg\" width=\"16\" height=\"16\" viewBox=\"0 0 16 16\"><title>Loading<\/title><path d=\"M16 6h-6l2.243-2.243c-1.133-1.133-2.64-1.757-4.243-1.757s-3.109 0.624-4.243 1.757c-1.133 1.133-1.757 2.64-1.757 4.243s0.624 3.109 1.757 4.243c1.133 1.133 2.64 1.757 4.243 1.757s3.109-0.624 4.243-1.757c0.095-0.095 0.185-0.192 0.273-0.292l1.505 1.317c-1.466 1.674-3.62 2.732-6.020 2.732-4.418 0-8-3.582-8-8s3.582-8 8-8c2.209 0 4.209 0.896 5.656 2.344l2.343-2.344v6z\"><\/path>\n\t\t\t\t<\/svg><\/span><span class=\"kadence-svg-iconset svg-baseline\"><svg class=\"kadence-svg-icon kadence-check-svg\" fill=\"currentColor\" version=\"1.1\" xmlns=\"http:\/\/www.w3.org\/2000\/svg\" width=\"16\" height=\"16\" viewBox=\"0 0 16 16\"><title>Done<\/title><path d=\"M14 2.5l-8.5 8.5-3.5-3.5-1.5 1.5 5 5 10-10z\"><\/path>\n\t\t\t\t<\/svg><\/span><\/a><\/div>\n\t\t\t\t<\/div>\n\t\t\t<\/li><li class=\"wc-block-grid__product entry loop-entry content-bg woo-archive-action-on-hover woo-archive-btn-button product-loop-unboxed woo-archive-image-hover-flip\"><a href=\"https:\/\/acharaka.com.tr\/index.php\/urun\/mertsan-takma-uclu-matkap-2-d-u-drill-027-2d-27mm-takim-capi-vcmx5-kesici-uc-1-adet\/\" class=\"wc-block-grid__product-link woocommerce-loop-image-link woocommerce-LoopProduct-link woocommerce-loop-product__link product-has-hover-image\">\n\t\t\t\t\t<img loading=\"lazy\" decoding=\"async\" width=\"300\" height=\"300\" src=\"https:\/\/acharaka.com.tr\/wp-content\/uploads\/2024\/12\/UM65-74-1-300x300.jpg\" class=\"attachment-woocommerce_thumbnail size-woocommerce_thumbnail\" alt=\"Mertsan Takma U\u00e7lu Matkap 2-D U-Drill 027-2D - 27mm Tak\u0131m \u00c7ap\u0131, VCMX5 Kesici U\u00e7 - 1 Adet\" srcset=\"https:\/\/acharaka.com.tr\/wp-content\/uploads\/2024\/12\/UM65-74-1-300x300.jpg 300w, https:\/\/acharaka.com.tr\/wp-content\/uploads\/2024\/12\/UM65-74-1-100x100.jpg 100w, https:\/\/acharaka.com.tr\/wp-content\/uploads\/2024\/12\/UM65-74-1-600x600.jpg 600w, https:\/\/acharaka.com.tr\/wp-content\/uploads\/2024\/12\/UM65-74-1-1024x1024.jpg 1024w, https:\/\/acharaka.com.tr\/wp-content\/uploads\/2024\/12\/UM65-74-1-150x150.jpg 150w, https:\/\/acharaka.com.tr\/wp-content\/uploads\/2024\/12\/UM65-74-1-768x768.jpg 768w, https:\/\/acharaka.com.tr\/wp-content\/uploads\/2024\/12\/UM65-74-1-650x650.jpg 650w, https:\/\/acharaka.com.tr\/wp-content\/uploads\/2024\/12\/UM65-74-1-1300x1300.jpg 1300w, https:\/\/acharaka.com.tr\/wp-content\/uploads\/2024\/12\/UM65-74-1.jpg 1500w\" sizes=\"(max-width: 300px) 100vw, 300px\" \/>\n\t\t\t\t\t<img decoding=\"async\" width=\"300\" height=\"300\" src=\"https:\/\/acharaka.com.tr\/wp-content\/uploads\/2024\/12\/UM65-74-4-300x300.jpg\" class=\"secondary-product-image attachment-woocommerce_thumbnail attachment-shop-catalog wp-post-image wp-post-image--secondary\" alt=\"\" srcset=\"https:\/\/acharaka.com.tr\/wp-content\/uploads\/2024\/12\/UM65-74-4-300x300.jpg 300w, https:\/\/acharaka.com.tr\/wp-content\/uploads\/2024\/12\/UM65-74-4-100x100.jpg 100w, https:\/\/acharaka.com.tr\/wp-content\/uploads\/2024\/12\/UM65-74-4-600x600.jpg 600w, https:\/\/acharaka.com.tr\/wp-content\/uploads\/2024\/12\/UM65-74-4-1024x1024.jpg 1024w, https:\/\/acharaka.com.tr\/wp-content\/uploads\/2024\/12\/UM65-74-4-150x150.jpg 150w, https:\/\/acharaka.com.tr\/wp-content\/uploads\/2024\/12\/UM65-74-4-768x768.jpg 768w, https:\/\/acharaka.com.tr\/wp-content\/uploads\/2024\/12\/UM65-74-4-650x650.jpg 650w, https:\/\/acharaka.com.tr\/wp-content\/uploads\/2024\/12\/UM65-74-4-1300x1300.jpg 1300w, https:\/\/acharaka.com.tr\/wp-content\/uploads\/2024\/12\/UM65-74-4.jpg 1500w\" sizes=\"(max-width: 300px) 100vw, 300px\" \/>\n\t\t\t\t<\/a>\n\t\t\t\t<div class=\"product-details content-bg entry-content-wrap\">\n\t\t\t\t\t<a href=\"https:\/\/acharaka.com.tr\/index.php\/urun\/mertsan-takma-uclu-matkap-2-d-u-drill-027-2d-27mm-takim-capi-vcmx5-kesici-uc-1-adet\/\" class=\"wc-block-grid__product-title-link\">\n\t\t\t\t\t\t<div class=\"wc-block-grid__product-title\">Mertsan Takma U\u00e7lu Matkap 2-D U-Drill 027-2D &#8211; 27mm Tak\u0131m \u00c7ap\u0131, VCMX5 Kesici U\u00e7 &#8211; 1 Adet<\/div>\n\t\t\t\t\t<\/a>\n\t\t\t\t\t\n\t\t\t\t\t<div class=\"wc-block-grid__product-price price\"><span class=\"woocommerce-Price-amount amount\">2.058,00<span class=\"woocommerce-Price-currencySymbol\">&#8378;<\/span><\/span> <small class=\"woocommerce-price-suffix\">Kdv Dahil<\/small><\/div>\n\t\t\t\t\t<div class=\"wp-block-button wc-block-grid__product-add-to-cart\"><a href=\"\/index.php\/wp-json\/wp\/v2\/pages\/43?add-to-cart=665\" aria-label=\"Sepete ekle: \u201cMertsan Takma U\u00e7lu Matkap 2-D U-Drill 027-2D - 27mm Tak\u0131m \u00c7ap\u0131, VCMX5 Kesici U\u00e7 - 1 Adet\u201d\" data-quantity=\"1\" data-product_id=\"665\" data-product_sku=\"UM-61\" rel=\"nofollow\" class=\"wp-block-button__link add_to_cart_button ajax_add_to_cart\">Sepete Ekle<span class=\"kadence-svg-iconset svg-baseline\"><svg class=\"kadence-svg-icon kadence-spinner-svg\" fill=\"currentColor\" version=\"1.1\" xmlns=\"http:\/\/www.w3.org\/2000\/svg\" width=\"16\" height=\"16\" viewBox=\"0 0 16 16\"><title>Loading<\/title><path d=\"M16 6h-6l2.243-2.243c-1.133-1.133-2.64-1.757-4.243-1.757s-3.109 0.624-4.243 1.757c-1.133 1.133-1.757 2.64-1.757 4.243s0.624 3.109 1.757 4.243c1.133 1.133 2.64 1.757 4.243 1.757s3.109-0.624 4.243-1.757c0.095-0.095 0.185-0.192 0.273-0.292l1.505 1.317c-1.466 1.674-3.62 2.732-6.020 2.732-4.418 0-8-3.582-8-8s3.582-8 8-8c2.209 0 4.209 0.896 5.656 2.344l2.343-2.344v6z\"><\/path>\n\t\t\t\t<\/svg><\/span><span class=\"kadence-svg-iconset svg-baseline\"><svg class=\"kadence-svg-icon kadence-check-svg\" fill=\"currentColor\" version=\"1.1\" xmlns=\"http:\/\/www.w3.org\/2000\/svg\" width=\"16\" height=\"16\" viewBox=\"0 0 16 16\"><title>Done<\/title><path d=\"M14 2.5l-8.5 8.5-3.5-3.5-1.5 1.5 5 5 10-10z\"><\/path>\n\t\t\t\t<\/svg><\/span><\/a><\/div>\n\t\t\t\t<\/div>\n\t\t\t<\/li><\/ul><\/div><\/div>\n<\/div>\n","protected":false},"excerpt":{"rendered":"","protected":false},"author":1,"featured_media":0,"parent":0,"menu_order":0,"comment_status":"closed","ping_status":"closed","template":"","meta":{"postBodyCss":"","postBodyMargin":[],"postBodyPadding":[],"postBodyBackground":{"backgroundType":"classic","gradient":""},"_kad_post_transparent":"","_kad_post_title":"","_kad_post_layout":"","_kad_post_sidebar_id":"","_kad_post_content_style":"","_kad_post_vertical_padding":"","_kad_post_feature":"","_kad_post_feature_position":"","_kad_post_header":false,"_kad_post_footer":false,"_kad_post_classname":"","footnotes":""},"class_list":["post-43","page","type-page","status-publish","hentry"],"_links":{"self":[{"href":"https:\/\/acharaka.com.tr\/index.php\/wp-json\/wp\/v2\/pages\/43","targetHints":{"allow":["GET"]}}],"collection":[{"href":"https:\/\/acharaka.com.tr\/index.php\/wp-json\/wp\/v2\/pages"}],"about":[{"href":"https:\/\/acharaka.com.tr\/index.php\/wp-json\/wp\/v2\/types\/page"}],"author":[{"embeddable":true,"href":"https:\/\/acharaka.com.tr\/index.php\/wp-json\/wp\/v2\/users\/1"}],"replies":[{"embeddable":true,"href":"https:\/\/acharaka.com.tr\/index.php\/wp-json\/wp\/v2\/comments?post=43"}],"version-history":[{"count":1,"href":"https:\/\/acharaka.com.tr\/index.php\/wp-json\/wp\/v2\/pages\/43\/revisions"}],"predecessor-version":[{"id":92,"href":"https:\/\/acharaka.com.tr\/index.php\/wp-json\/wp\/v2\/pages\/43\/revisions\/92"}],"wp:attachment":[{"href":"https:\/\/acharaka.com.tr\/index.php\/wp-json\/wp\/v2\/media?parent=43"}],"curies":[{"name":"wp","href":"https:\/\/api.w.org\/{rel}","templated":true}]}}